{"id":5003,"date":"2020-04-23T16:16:59","date_gmt":"2020-04-23T14:16:59","guid":{"rendered":"https:\/\/ralphmittermaier.com\/cookies\/"},"modified":"2020-05-27T08:32:57","modified_gmt":"2020-05-27T06:32:57","slug":"cookies","status":"publish","type":"page","link":"https:\/\/ralphmittermaier.com\/it\/cookies\/","title":{"rendered":"Cookies"},"content":{"rendered":"<h1>Informativa sull&#8217;uso dei cookie<\/h1>\n<p>I sito ralphmittermaier.com utilizza cookie e tecnologie simili per garantire il corretto funzionamento delle procedure e migliorare l&#8217;esperienza di uso delle applicazioni online. Il presente documento fornisce informazioni dettagliate sull&#8217;uso dei cookie e di tecnologie similari, su come sono utilizzati dalla Peer srl e su come gestirli.<\/p>\n<h4><span style=\"color: #268bff;\">Definizioni<\/span><\/h4>\n<p>I cookie sono brevi frammenti di testo (lettere e\/o numeri) che permettono al server web di memorizzare sul client (il browser) informazioni da riutilizzare nel corso della medesima visita al sito (cookie di sessione) o in seguito, anche a distanza di giorni (cookie persistenti). I cookie vengono memorizzati, in base alle preferenze dell&#8217;utente, dal singolo browser sullo specifico dispositivo utilizzato (computer, tablet, smartphone).<br \/>\nTecnologie similari, come, ad esempio, web beacon, GIF trasparenti e tutte le forme di storage locale introdotte con HTML5, sono utilizzabili per raccogliere informazioni sul comportamento dell&#8217;utente e sull&#8217;utilizzo dei servizi.<br \/>\nNel seguito di questo documento faremo riferimento ai cookie e a tutte le tecnologie similari utilizzando semplicemente il termine \u201ccookie\u201d.<\/p>\n<h4><span style=\"color: #268bff;\">Tipologie di Cookie<\/span><\/h4>\n<p>In base alle caratteristiche e all&#8217;utilizzo dei cookie possiamo distinguere diverse categorie:<\/p>\n<ul>\n<li><strong>Cookie strettamente necessari.<\/strong> Si tratta di cookie indispensabili per il corretto funzionamento dei siti sopra elencati e sono utilizzati per gestire il login e l&#8217;accesso alle funzioni riservate, ad esempio ralphmittermaier.com. La durata dei cookie \u00e8 strettamente limitata alla sessione di lavoro (chiuso il browser vengono cancellati). La loro disattivazione compromette l&#8217;utilizzo dei servizi accessibili da login. La parte pubblica dei siti resta normalmente utilizzabile.<\/li>\n<li><strong>Cookie di analisi e prestazioni.<\/strong> Sono cookie utilizzati per raccogliere e analizzare il traffico e l&#8217;utilizzo del sito in modo anonimo. Questi cookie, pur senza identificare l&#8217;utente, consentono, per esempio, di rilevare se il medesimo utente torna a collegarsi in momenti diversi. Permettono inoltre di monitorare il sistema e migliorarne le prestazioni e l&#8217;usabilit\u00e0. La disattivazione di tali cookie pu\u00f2 essere eseguita senza alcuna perdita di funzionalit\u00e0.<\/li>\n<li><strong>Cookie di profilazione.<\/strong> Si tratta di cookie permanenti utilizzati per identificare (in modo anonimo e non) le preferenze dell&#8217;utente e migliorare la sua esperienza di navigazione. I siti sopra elencati non utilizzano cookie di questo tipo.<\/li>\n<\/ul>\n<h4><span style=\"color: #268bff;\">Cookie di terze parti<\/span><\/h4>\n<p>Visitando un sito web si possono ricevere cookie sia dal sito visitato (\u201cproprietari\u201d), sia da siti gestiti da altre organizzazioni (\u201cterze parti\u201d). Si tratta di parti della pagina visitata generate direttamente dai suddetti siti ed integrati nella pagina del sito ospitante. Un esempio notevole \u00e8 rappresentato dalla presenza dei \u201csocial plugin\u201d per Facebook, Twitter, Instagram. L&#8217;utilizzo pi\u00f9 comune dei social plugin \u00e8 finalizzato alla condivisione dei contenuti sui social network. La presenza di questi plugin comporta la trasmissione di cookie da e verso tutti i siti gestiti da terze parti.<br \/>\nLa gestione delle informazioni raccolte da \u201cterze parti\u201d \u00e8 disciplinata dalle relative informative cui si prega di fare riferimento. Per garantire una maggiore trasparenza e comodit\u00e0, si riportano qui di seguito gli indirizzi web delle diverse informative e delle modalit\u00e0 per la gestione dei cookie.<\/p>\n<ul>\n<li>Facebook informativa: <a href=\"https:\/\/www.facebook.com\/policies\/cookies\/\" target=\"_blank\" rel=\"noopener noreferrer\">https:\/\/www.facebook.com\/help\/cookies\/<\/a><\/li>\n<li>Facebook (configurazione): accedere al proprio account. Sezione privacy.<\/li>\n<li>Twitter informative: <a href=\"https:\/\/help.twitter.com\/de\/rules-and-policies\/twitter-cookies\" target=\"_blank\" rel=\"noopener noreferrer\">https:\/\/support.twitter.com\/articles\/20170514<\/a><\/li>\n<li>Twitter (configurazione): <a href=\"https:\/\/twitter.com\/settings\/security\" target=\"_blank\" rel=\"noopener noreferrer\">https:\/\/twitter.com\/settings\/security<\/a><\/li>\n<li>Google e Youtube informativa: <a href=\"http:\/\/www.google.de\/intl\/de\/policies\/technologies\/cookies\/\" target=\"_blank\" rel=\"noopener noreferrer\">http:\/\/www.google.it\/intl\/it\/policies\/technologies\/cookies\/<\/a><\/li>\n<li>Google e Youtube (configurazione): <a href=\"http:\/\/www.google.de\/intl\/de\/policies\/technologies\/managing\/\" target=\"_blank\" rel=\"noopener noreferrer\">http:\/\/www.google.it\/intl\/it\/policies\/technologies\/managing\/<\/a><\/li>\n<\/ul>\n<h4><span style=\"color: #268bff;\">Durate dei Cookie<\/span><\/h4>\n<p>Alcuni cookie (cookie di sessione) restano attivi solo fino alla chiusura del browser o all&#8217;esecuzione del comando di logout. Altri cookie \u201csopravvivono\u201d alla chiusura del browser e sono disponibili anche in successive visite dell&#8217;utente.<\/p>\n<p>Questi cookie sono detti persistenti e la loro durata \u00e8 fissata dal server al momento della loro creazione. In alcuni casi \u00e8 fissata una scadenza, in altri casi la durata \u00e8 illimitata. Non possiamo escludere che navigando sulle pagine dei siti web sopra elencati, si possa interagire con siti gestiti da terze parti che potrebbero creare o modificare anche cookie permanenti e di profilazione.<\/p>\n<h4><span style=\"color: #268bff;\">Gestione dei Cookie<\/span><\/h4>\n<p>L&#8217;utente pu\u00f2 decidere se accettare o meno i cookie utilizzando le impostazioni del proprio browser. Attenzione: la disabilitazione totale o parziale dei cookie tecnici pu\u00f2 compromettere l&#8217;utilizzo delle funzionalit\u00e0 del sito riservate agli utenti registrati. Al contrario, la fruibilit\u00e0 dei contenuti pubblici \u00e8 possibile anche disabilitando completamente i cookie.<br \/>\nLa disabilitazione dei cookie \u201cterze parti\u201d non pregiudica in alcun modo la navigabilit\u00e0. L&#8217;impostazione pu\u00f2 essere definita in modo specifico per i diversi siti e applicazioni web. Inoltre i migliori browser consentono di definire impostazioni diverse per i cookie \u201cproprietari\u201d e per quelli di \u201cterze parti\u201d.<br \/>\nA titolo di esempio, in Firefox, attraverso il menu &#8220;Strumenti -&gt; Opzioni -&gt; Privacy&#8221;&gt;, \u00e8 possibile accedere ad un pannello di controllo dove \u00e8 possibile definire se accettare o meno i diversi tipi di cookie e procedere alla loro rimozione.<\/p>\n<ul>\n<li>Chrome: <a href=\"https:\/\/support.google.com\/chrome\/answer\/95647?hl=de\" target=\"_blank\" rel=\"noopener noreferrer\">https:\/\/support.google.com\/chrome\/answer\/95647?hl=it<\/a><\/li>\n<li>Firefox: <a href=\"https:\/\/support.mozilla.org\/de\/kb\/cookies-informationen-websites-auf-ihrem-computer\" target=\"_blank\" rel=\"noopener noreferrer\">https:\/\/support.mozilla.org\/it\/kb\/Gestione%20dei%20cookie<\/a><\/li>\n<li>Internet Explorer: <a href=\"https:\/\/support.microsoft.com\/de-de\/help\/17442\/windows-internet-explorer-delete-manage-cookies\">https:\/\/support.microsoft.com\/it-it\/help\/17442\/windows-internet-explorer-delete-manage-cookies<\/a><\/li>\n<li>Microsoft Edge: <a href=\"https:\/\/support.microsoft.com\/de-de\/help\/4468242\/microsoft-edge-browsing-data-and-privacy\">https:\/\/support.microsoft.com\/it-it\/help\/4468242\/microsoft-edge-browsing-data-and-privacy<\/a><\/li>\n<li>Opera: <a href=\"https:\/\/help.opera.com\/de\/latest\/web-preferences\/#cookies\" target=\"_blank\" rel=\"noopener noreferrer\">https:\/\/help.opera.com\/en\/latest\/web-preferences\/#cookies (link in lingua inglese)<\/a><\/li>\n<li>Safari: <a href=\"https:\/\/support.apple.com\/de-de\/HT201265\" target=\"_blank\" rel=\"noopener noreferrer\">http:\/\/support.apple.com\/kb\/HT1677?viewlocale=it_IT<\/a><\/li>\n<\/ul>\n","protected":false},"excerpt":{"rendered":"<p>Informativa sull&#8217;uso dei cookie I sito ralphmittermaier.com utilizza cookie e tecnologie simili per garantire il corretto funzionamento delle procedure e migliorare l&#8217;esperienza di uso delle applicazioni online. Il presente documento fornisce informazioni dettagliate sull&#8217;uso dei cookie e di tecnologie similari, [&hellip;]<\/p>\n","protected":false},"author":1,"featured_media":5004,"parent":0,"menu_order":0,"comment_status":"closed","ping_status":"closed","template":"","meta":{"footnotes":""},"class_list":["post-5003","page","type-page","status-publish","has-post-thumbnail","hentry"],"yoast_head":"<!-- This site is optimized with the Yoast SEO plugin v27.1.1 - https:\/\/yoast.com\/product\/yoast-seo-wordpress\/ -->\n<title>Cookies - Ralph Mittermaier Photography - Fotografo Alto Adige\/Renon<\/title>\n<meta name=\"description\" content=\"I sito ralphmittermaier.com utilizza cookie e tecnologie simili per garantire il corretto funzionamento delle procedure e migliorare l&#039;esperienza di uso delle applicazioni online.\" \/>\n<meta name=\"robots\" content=\"index, follow, max-snippet:-1, max-image-preview:large, max-video-preview:-1\" \/>\n<link rel=\"canonical\" href=\"https:\/\/ralphmittermaier.com\/it\/cookies\/\" \/>\n<meta property=\"og:locale\" content=\"it_IT\" \/>\n<meta property=\"og:type\" content=\"article\" \/>\n<meta property=\"og:title\" content=\"Cookies - Ralph Mittermaier Photography - Fotografo Alto Adige\/Renon\" \/>\n<meta property=\"og:description\" content=\"I sito ralphmittermaier.com utilizza cookie e tecnologie simili per garantire il corretto funzionamento delle procedure e migliorare l&#039;esperienza di uso delle applicazioni online.\" \/>\n<meta property=\"og:url\" content=\"https:\/\/ralphmittermaier.com\/it\/cookies\/\" \/>\n<meta property=\"og:site_name\" content=\"Ralph Mittermaier Photography\" \/>\n<meta property=\"article:publisher\" content=\"https:\/\/de-de.facebook.com\/ralphmittermaierphotography\/\" \/>\n<meta property=\"article:modified_time\" content=\"2020-05-27T06:32:57+00:00\" \/>\n<meta property=\"og:image\" content=\"https:\/\/ralphmittermaier.com\/wp-content\/uploads\/RMP_FAV.png\" \/>\n\t<meta property=\"og:image:width\" content=\"512\" \/>\n\t<meta property=\"og:image:height\" content=\"512\" \/>\n\t<meta property=\"og:image:type\" content=\"image\/png\" \/>\n<meta name=\"twitter:card\" content=\"summary_large_image\" \/>\n<meta name=\"twitter:title\" content=\"Cookie | Ralph Mittermaier Photography - Fotografo Alto Adige\/Renon\" \/>\n<meta name=\"twitter:description\" content=\"I sito ralphmittermaier.com utilizza cookie e tecnologie simili per garantire il corretto funzionamento delle procedure e migliorare l&#039;esperienza di uso delle applicazioni online.\" \/>\n<meta name=\"twitter:image\" content=\"https:\/\/ralphmittermaier.com\/wp-content\/uploads\/RMP_FAV.png\" \/>\n<meta name=\"twitter:label1\" content=\"Tempo di lettura stimato\" \/>\n\t<meta name=\"twitter:data1\" content=\"4 minuti\" \/>\n<script type=\"application\/ld+json\" class=\"yoast-schema-graph\">{\"@context\":\"https:\/\/schema.org\",\"@graph\":[{\"@type\":\"WebPage\",\"@id\":\"https:\/\/ralphmittermaier.com\/it\/cookies\/\",\"url\":\"https:\/\/ralphmittermaier.com\/it\/cookies\/\",\"name\":\"Cookies - Ralph Mittermaier Photography - Fotografo Alto Adige\/Renon\",\"isPartOf\":{\"@id\":\"https:\/\/ralphmittermaier.com\/it\/#website\"},\"primaryImageOfPage\":{\"@id\":\"https:\/\/ralphmittermaier.com\/it\/cookies\/#primaryimage\"},\"image\":{\"@id\":\"https:\/\/ralphmittermaier.com\/it\/cookies\/#primaryimage\"},\"thumbnailUrl\":\"https:\/\/ralphmittermaier.com\/wp-content\/uploads\/RMP_FAV.png\",\"datePublished\":\"2020-04-23T14:16:59+00:00\",\"dateModified\":\"2020-05-27T06:32:57+00:00\",\"description\":\"I sito ralphmittermaier.com utilizza cookie e tecnologie simili per garantire il corretto funzionamento delle procedure e migliorare l'esperienza di uso delle applicazioni online.\",\"breadcrumb\":{\"@id\":\"https:\/\/ralphmittermaier.com\/it\/cookies\/#breadcrumb\"},\"inLanguage\":\"it-IT\",\"potentialAction\":[{\"@type\":\"ReadAction\",\"target\":[\"https:\/\/ralphmittermaier.com\/it\/cookies\/\"]}]},{\"@type\":\"ImageObject\",\"inLanguage\":\"it-IT\",\"@id\":\"https:\/\/ralphmittermaier.com\/it\/cookies\/#primaryimage\",\"url\":\"https:\/\/ralphmittermaier.com\/wp-content\/uploads\/RMP_FAV.png\",\"contentUrl\":\"https:\/\/ralphmittermaier.com\/wp-content\/uploads\/RMP_FAV.png\",\"width\":512,\"height\":512,\"caption\":\"Fotografo Alto Adige Renon Soprabolzano Ralph Mittermaier\"},{\"@type\":\"BreadcrumbList\",\"@id\":\"https:\/\/ralphmittermaier.com\/it\/cookies\/#breadcrumb\",\"itemListElement\":[{\"@type\":\"ListItem\",\"position\":1,\"name\":\"Home\",\"item\":\"https:\/\/ralphmittermaier.com\/it\/\"},{\"@type\":\"ListItem\",\"position\":2,\"name\":\"Cookies\"}]},{\"@type\":\"WebSite\",\"@id\":\"https:\/\/ralphmittermaier.com\/it\/#website\",\"url\":\"https:\/\/ralphmittermaier.com\/it\/\",\"name\":\"Ralph Mittermaier Photography\",\"description\":\"Fotografo Alto Adige - Renon\/Soprabolzano\",\"publisher\":{\"@id\":\"https:\/\/ralphmittermaier.com\/it\/#organization\"},\"potentialAction\":[{\"@type\":\"SearchAction\",\"target\":{\"@type\":\"EntryPoint\",\"urlTemplate\":\"https:\/\/ralphmittermaier.com\/it\/?s={search_term_string}\"},\"query-input\":{\"@type\":\"PropertyValueSpecification\",\"valueRequired\":true,\"valueName\":\"search_term_string\"}}],\"inLanguage\":\"it-IT\"},{\"@type\":\"Organization\",\"@id\":\"https:\/\/ralphmittermaier.com\/it\/#organization\",\"name\":\"Ralph Mittermaier Photography - Fotografo Alto Adige\",\"url\":\"https:\/\/ralphmittermaier.com\/it\/\",\"logo\":{\"@type\":\"ImageObject\",\"inLanguage\":\"it-IT\",\"@id\":\"https:\/\/ralphmittermaier.com\/it\/#\/schema\/logo\/image\/\",\"url\":\"https:\/\/ralphmittermaier.com\/wp-content\/uploads\/RMP@2x.png\",\"contentUrl\":\"https:\/\/ralphmittermaier.com\/wp-content\/uploads\/RMP@2x.png\",\"width\":586,\"height\":130,\"caption\":\"Ralph Mittermaier Photography - Fotografo Alto Adige\"},\"image\":{\"@id\":\"https:\/\/ralphmittermaier.com\/it\/#\/schema\/logo\/image\/\"},\"sameAs\":[\"https:\/\/de-de.facebook.com\/ralphmittermaierphotography\/\",\"https:\/\/www.instagram.com\/ralph.mit\/\",\"https:\/\/de.linkedin.com\/in\/ralph-mittermaier\"]}]}<\/script>\n<!-- \/ Yoast SEO plugin. -->","yoast_head_json":{"title":"Cookies - Ralph Mittermaier Photography - Fotografo Alto Adige\/Renon","description":"I sito ralphmittermaier.com utilizza cookie e tecnologie simili per garantire il corretto funzionamento delle procedure e migliorare l'esperienza di uso delle applicazioni online.","robots":{"index":"index","follow":"follow","max-snippet":"max-snippet:-1","max-image-preview":"max-image-preview:large","max-video-preview":"max-video-preview:-1"},"canonical":"https:\/\/ralphmittermaier.com\/it\/cookies\/","og_locale":"it_IT","og_type":"article","og_title":"Cookies - Ralph Mittermaier Photography - Fotografo Alto Adige\/Renon","og_description":"I sito ralphmittermaier.com utilizza cookie e tecnologie simili per garantire il corretto funzionamento delle procedure e migliorare l'esperienza di uso delle applicazioni online.","og_url":"https:\/\/ralphmittermaier.com\/it\/cookies\/","og_site_name":"Ralph Mittermaier Photography","article_publisher":"https:\/\/de-de.facebook.com\/ralphmittermaierphotography\/","article_modified_time":"2020-05-27T06:32:57+00:00","og_image":[{"width":512,"height":512,"url":"https:\/\/ralphmittermaier.com\/wp-content\/uploads\/RMP_FAV.png","type":"image\/png"}],"twitter_card":"summary_large_image","twitter_title":"Cookie | Ralph Mittermaier Photography - Fotografo Alto Adige\/Renon","twitter_description":"I sito ralphmittermaier.com utilizza cookie e tecnologie simili per garantire il corretto funzionamento delle procedure e migliorare l'esperienza di uso delle applicazioni online.","twitter_image":"https:\/\/ralphmittermaier.com\/wp-content\/uploads\/RMP_FAV.png","twitter_misc":{"Tempo di lettura stimato":"4 minuti"},"schema":{"@context":"https:\/\/schema.org","@graph":[{"@type":"WebPage","@id":"https:\/\/ralphmittermaier.com\/it\/cookies\/","url":"https:\/\/ralphmittermaier.com\/it\/cookies\/","name":"Cookies - Ralph Mittermaier Photography - Fotografo Alto Adige\/Renon","isPartOf":{"@id":"https:\/\/ralphmittermaier.com\/it\/#website"},"primaryImageOfPage":{"@id":"https:\/\/ralphmittermaier.com\/it\/cookies\/#primaryimage"},"image":{"@id":"https:\/\/ralphmittermaier.com\/it\/cookies\/#primaryimage"},"thumbnailUrl":"https:\/\/ralphmittermaier.com\/wp-content\/uploads\/RMP_FAV.png","datePublished":"2020-04-23T14:16:59+00:00","dateModified":"2020-05-27T06:32:57+00:00","description":"I sito ralphmittermaier.com utilizza cookie e tecnologie simili per garantire il corretto funzionamento delle procedure e migliorare l'esperienza di uso delle applicazioni online.","breadcrumb":{"@id":"https:\/\/ralphmittermaier.com\/it\/cookies\/#breadcrumb"},"inLanguage":"it-IT","potentialAction":[{"@type":"ReadAction","target":["https:\/\/ralphmittermaier.com\/it\/cookies\/"]}]},{"@type":"ImageObject","inLanguage":"it-IT","@id":"https:\/\/ralphmittermaier.com\/it\/cookies\/#primaryimage","url":"https:\/\/ralphmittermaier.com\/wp-content\/uploads\/RMP_FAV.png","contentUrl":"https:\/\/ralphmittermaier.com\/wp-content\/uploads\/RMP_FAV.png","width":512,"height":512,"caption":"Fotografo Alto Adige Renon Soprabolzano Ralph Mittermaier"},{"@type":"BreadcrumbList","@id":"https:\/\/ralphmittermaier.com\/it\/cookies\/#breadcrumb","itemListElement":[{"@type":"ListItem","position":1,"name":"Home","item":"https:\/\/ralphmittermaier.com\/it\/"},{"@type":"ListItem","position":2,"name":"Cookies"}]},{"@type":"WebSite","@id":"https:\/\/ralphmittermaier.com\/it\/#website","url":"https:\/\/ralphmittermaier.com\/it\/","name":"Ralph Mittermaier Photography","description":"Fotografo Alto Adige - Renon\/Soprabolzano","publisher":{"@id":"https:\/\/ralphmittermaier.com\/it\/#organization"},"potentialAction":[{"@type":"SearchAction","target":{"@type":"EntryPoint","urlTemplate":"https:\/\/ralphmittermaier.com\/it\/?s={search_term_string}"},"query-input":{"@type":"PropertyValueSpecification","valueRequired":true,"valueName":"search_term_string"}}],"inLanguage":"it-IT"},{"@type":"Organization","@id":"https:\/\/ralphmittermaier.com\/it\/#organization","name":"Ralph Mittermaier Photography - Fotografo Alto Adige","url":"https:\/\/ralphmittermaier.com\/it\/","logo":{"@type":"ImageObject","inLanguage":"it-IT","@id":"https:\/\/ralphmittermaier.com\/it\/#\/schema\/logo\/image\/","url":"https:\/\/ralphmittermaier.com\/wp-content\/uploads\/RMP@2x.png","contentUrl":"https:\/\/ralphmittermaier.com\/wp-content\/uploads\/RMP@2x.png","width":586,"height":130,"caption":"Ralph Mittermaier Photography - Fotografo Alto Adige"},"image":{"@id":"https:\/\/ralphmittermaier.com\/it\/#\/schema\/logo\/image\/"},"sameAs":["https:\/\/de-de.facebook.com\/ralphmittermaierphotography\/","https:\/\/www.instagram.com\/ralph.mit\/","https:\/\/de.linkedin.com\/in\/ralph-mittermaier"]}]}},"_links":{"self":[{"href":"https:\/\/ralphmittermaier.com\/it\/wp-json\/wp\/v2\/pages\/5003","targetHints":{"allow":["GET"]}}],"collection":[{"href":"https:\/\/ralphmittermaier.com\/it\/wp-json\/wp\/v2\/pages"}],"about":[{"href":"https:\/\/ralphmittermaier.com\/it\/wp-json\/wp\/v2\/types\/page"}],"author":[{"embeddable":true,"href":"https:\/\/ralphmittermaier.com\/it\/wp-json\/wp\/v2\/users\/1"}],"replies":[{"embeddable":true,"href":"https:\/\/ralphmittermaier.com\/it\/wp-json\/wp\/v2\/comments?post=5003"}],"version-history":[{"count":0,"href":"https:\/\/ralphmittermaier.com\/it\/wp-json\/wp\/v2\/pages\/5003\/revisions"}],"wp:featuredmedia":[{"embeddable":true,"href":"https:\/\/ralphmittermaier.com\/it\/wp-json\/wp\/v2\/media\/5004"}],"wp:attachment":[{"href":"https:\/\/ralphmittermaier.com\/it\/wp-json\/wp\/v2\/media?parent=5003"}],"curies":[{"name":"wp","href":"https:\/\/api.w.org\/{rel}","templated":true}]}}